{"id":1187,"date":"2022-12-27T08:33:18","date_gmt":"2022-12-27T08:33:18","guid":{"rendered":"https:\/\/torredecastulo.es\/?page_id=1187"},"modified":"2024-10-23T07:45:47","modified_gmt":"2024-10-23T07:45:47","slug":"politica-de-privacidad","status":"publish","type":"page","link":"https:\/\/torredecastulo.es\/index.php\/politica-de-privacidad\/","title":{"rendered":"Pol\u00edtica de privacidad"},"content":{"rendered":"\n<p><strong>AVISO LEGAL \/ POL\u00cdTICA DE PRIVACIDAD Y Protecci\u00f3n de Datos<\/strong><\/p>\n\n\n\n<p><strong><u>1.- Informaci\u00f3n sobre el responsable del tratamiento de los datos personales:<\/u><\/strong><\/p>\n\n\n\n<p>En cumplimiento del art\u00edculo 10 de la Ley 34\/2002, de 11 de julio, de Servicios de la Sociedad de la Informaci\u00f3n y Comercio Electr\u00f3nico, se hace constar:<\/p>\n\n\n\n<p>La responsable del tratamiento de los datos recabados a trav\u00e9s del sitio web WWW.TORREDECASTULO.ES (en adelante, la \u201cWeb\u201d o el \u201cSitio Web\u201d) es S.C.A. NUESTRA SE\u00d1ORA DEL OLIVO, con C.I.F. n\u00ba F23010051, con domicilio en CAMINO DE CARACENA, S\/N. 23510 DE TORREBLASCOPEDRO. JA\u00c9N.<\/p>\n\n\n\n<p>Puedes ponerte en contacto con S.C.A. NUESTRA SE\u00d1ORA DEL OLIVO, para cualquier aspecto relacionado con esta pol\u00edtica de privacidad, en la direcci\u00f3n de correo electr\u00f3nico: SCADELOLIVO@HOTMAIL.COM<\/p>\n\n\n\n<p><strong><u>2.- Recogida, tratamiento y uso de los datos personales en la web.<\/u><\/strong><\/p>\n\n\n\n<p>En base a lo dispuesto en el Reglamento General de Protecci\u00f3n de Datos 2016\/679 (RGPD) y la Ley Org\u00e1nica 3\/2018, de 5 de diciembre, de Protecci\u00f3n de Datos Personales y Garant\u00edas De Los Derechos Digitales (LOPDGDD), le informamos el responsable del tratamiento de los datos es S.C.A. NUESTRA SE\u00d1ORA DEL OLIVO&nbsp; con domicilio social en CAMINO DE CARACENA, S\/N. 23510 DE TORREBLASCOPEDRO. JA\u00c9N, Espa\u00f1a. Con el fin de hacer uso de algunos de los servicios que les ofrece nuestra web, puede ser necesario que nos suministre determinados datos de car\u00e1cter personal que ser\u00e1n incorporados a ficheros automatizados.<\/p>\n\n\n\n<p>Con car\u00e1cter general, los datos recogidos ser\u00e1n tratados con la finalidad de prestar los servicios ofrecidos a trav\u00e9s de la web o atender otros tipos de relaciones que puedan surgir con S.C.A. NUESTRA SE\u00d1ORA DEL OLIVO como consecuencia de las solicitudes, gestiones o tr\u00e1mites que el Usuario realice mediante la web. Los datos objeto de tratamiento ser\u00e1n aquellos que nos facilite a trav\u00e9s de los formularios que en cada momento contenga la p\u00e1gina o a trav\u00e9s de los correos electr\u00f3nicos que el Usuario dirija a las direcciones de correo electr\u00f3nico identificadas en la misma, as\u00ed como aquellos otros que se generen durante el mantenimiento de la relaci\u00f3n correspondiente.<\/p>\n\n\n\n<p>Todos los campos que aparecen se\u00f1alados como obligatorios en cualesquiera de los formularios deber\u00e1n ser cumplimentados necesariamente, de tal modo que la omisi\u00f3n de alguno de ellos podr\u00e1 comportar la imposibilidad de que podamos atender su solicitud o prestarle los servicios correspondientes.<\/p>\n\n\n\n<p>Adicionalmente, durante dicha recogida de datos, es posible que se solicite su consentimiento para otra serie de finalidades que no guardan una relaci\u00f3n directa con el servicio o la relaci\u00f3n correspondiente. En el caso de que no est\u00e9 de acuerdo con dichos tratamientos adicionales, marque la casilla destinada al efecto seg\u00fan corresponda.<\/p>\n\n\n\n<p><strong><u>3.- Finalidad del tratamiento de los datos personales:<\/u><\/strong><\/p>\n\n\n\n<p>3.1. \u00bfCon qu\u00e9 finalidad trataremos tus datos personales?<\/p>\n\n\n\n<p>En S.C.A. NUESTRA SE\u00d1ORA DEL OLIVO trataremos tus datos personales, recabados a trav\u00e9s del Sitio Web con las siguientes finalidades:<\/p>\n\n\n\n<p>\u2013 Env\u00edo de informaci\u00f3n solicitada a trav\u00e9s de los formularios dispuestos en el Sitio Web.<\/p>\n\n\n\n<p>\u2013 Gesti\u00f3n de los servicios realizados en la Web.<\/p>\n\n\n\n<p>Te recordamos que puedes oponerte al env\u00edo de comunicaciones comerciales por cualquier v\u00eda y en cualquier momento, remitiendo un correo electr\u00f3nico a la direcci\u00f3n de correo electr\u00f3nico indicada anteriormente.<\/p>\n\n\n\n<p>Los campos de dichos registros son de cumplimentaci\u00f3n obligatoria, siendo imposible realizar las finalidades expresadas si no se aportan esos datos.<\/p>\n\n\n\n<p>3.2. \u00bfPor cu\u00e1nto tiempo se conservan los datos personales recabados?<\/p>\n\n\n\n<p>Los datos personales proporcionados se conservar\u00e1n mientras se mantenga la relaci\u00f3n comercial o nos solicites su supresi\u00f3n y durante el plazo por el cu\u00e1l pudieran derivarse responsabilidades legales por los servicios prestados.<\/p>\n\n\n\n<p><strong><u>4.- Legitimaci\u00f3n:<\/u><\/strong><\/p>\n\n\n\n<p>El tratamiento de tus datos se realiza con las siguientes bases jur\u00eddicas que legitiman el mismo:<\/p>\n\n\n\n<p>\u2013 La solicitud de informaci\u00f3n y\/o la contrataci\u00f3n de los servicios de S.C.A. NUESTRA SE\u00d1ORA DEL OLIVO, cuyos t\u00e9rminos y condiciones se pondr\u00e1n a tu disposici\u00f3n en todo caso, de forma previa a una eventual contrataci\u00f3n.<\/p>\n\n\n\n<p>\u2013 El consentimiento libre, espec\u00edfico, informado e inequ\u00edvoco, en tanto que te informamos poniendo a tu disposici\u00f3n la presente pol\u00edtica de privacidad, que tras la lectura de la misma, en caso de estar conforme, puedes aceptar mediante una declaraci\u00f3n o una clara acci\u00f3n afirmativa, como el marcado de una casilla dispuesta al efecto.<\/p>\n\n\n\n<p>En caso de que no nos facilites tus datos o los hagas de forma err\u00f3nea o incompleta, no podremos atender tu solicitud, resultando del todo imposible proporcionarte la informaci\u00f3n solicitada o llevar a cabo la contrataci\u00f3n de los servicios.<\/p>\n\n\n\n<p><strong><u>5.- Destinatarios:<\/u><\/strong><\/p>\n\n\n\n<p>Sus datos ser\u00e1n conservados bajo estrictas medidas de seguridad que garanticen la confidencialidad y la seguridad de los mismos. Del mismo modo, s\u00f3lo ser\u00e1n cedidos a las entidades y para las finalidades siguientes:<\/p>\n\n\n\n<p>-Entidades y proveedores que prestan servicios a S.C.A. NUESTRA SE\u00d1ORA DEL OLIVO para la correcta ejecuci\u00f3n de nuestras actividades y proyectos. Dichas entidades y proveedores se encuentran debidamente acreditados y firman con nosotros el correspondiente contrato de tratamiento de datos en cumplimiento de la normativa de Protecci\u00f3n de Datos vigente.<\/p>\n\n\n\n<p>Por poner ejemplos de los servicios que nos prestan y que pueden implicar el tratamiento de sus datos personales por cuenta de S.C.A. NUESTRA SE\u00d1ORA DEL OLIVO, podemos citarle, a t\u00edtulo enunciativo y no limitativo: servicios profesionales multidisciplinares, asesoramiento jur\u00eddico, servicios tecnol\u00f3gicos, inform\u00e1ticos, mensajer\u00eda y reparto, mantenimiento, seguridad y vigilancia, publicidad y marketing, call center etc&#8230;<\/p>\n\n\n\n<p>-Organismos y entidades oficiales en cumplimiento de las normativas y leyes vigentes.<\/p>\n\n\n\n<p>Cualquier transferencia internacional de datos al usar aplicaciones americanas, estar\u00e1 adherida al convenio Privacy Shield, que garantiza que las empresas de software americano cumplen las pol\u00edticas de Protecci\u00f3n de Datos europeas en materia de privacidad.<\/p>\n\n\n\n<p><strong><u>6.- Derechos:<\/u><\/strong><\/p>\n\n\n\n<p>Como interesado que nos has proporcionado tus datos personales, tienes pleno derecho a obtener confirmaci\u00f3n sobre si en S.C.A. NUESTRA SE\u00d1ORA DEL OLIVO estamos tratando tus datos personales, y en concreto est\u00e1s facultado para ejercitar los siguientes derechos que la normativa en materia de Protecci\u00f3n de Datos te reconoce, conforme a lo previsto en la misma:<\/p>\n\n\n\n<p>\u2013 Derecho de ACCESO a tus datos personales.<\/p>\n\n\n\n<p>\u2013 Derechos de solicitar la RECTIFICACI\u00d3N de los datos inexactos.<\/p>\n\n\n\n<p>\u2013 Derecho de solicitar su SUPRESI\u00d3N cuando, entre otros motivos, los datos ya no sean necesarios para los fines que fueron recogidos.<\/p>\n\n\n\n<p>\u2013 En determinadas circunstancias, podr\u00e1s solicitar la LIMITACI\u00d3N DEL TRATAMIENTO de tus datos, en cuyo caso \u00fanicamente los conservaremos para el ejercicio o la defensa de reclamaciones.<\/p>\n\n\n\n<p>\u2013 En determinadas circunstancias y por motivos relacionados con su situaci\u00f3n particular, los interesados podr\u00e1n ejercitar su derecho de OPOSICI\u00d3N al tratamiento de sus datos. Dejaremos de tratar los datos, salvo por motivos leg\u00edtimos imperiosos, o el ejercicio o la defensa de posibles reclamaciones.<\/p>\n\n\n\n<p>\u2013 En determinadas circunstancias y por motivos relacionados con tu situaci\u00f3n particular, podr\u00e1s solicitar su derecho a la PORTABILIDAD de los datos.<\/p>\n\n\n\n<p>Podr\u00e1s ejercer tales derechos dirigiendo una comunicaci\u00f3n a la direcci\u00f3n postal y\/o de correo electr\u00f3nico que se hace constar en el apartado \u201c1. Informaci\u00f3n sobre el responsable del tratamiento de los datos personales.\u201d<\/p>\n\n\n\n<p>Adem\u00e1s, en caso de que se haya vulnerado cualquiera de tus derechos, el interesado tiene derecho a presentar una reclamaci\u00f3n ante la Agencia Espa\u00f1ola de Protecci\u00f3n de Datos (AEPD), en C\/ Jorge Juan, 6, 28001-Madrid o a trav\u00e9s de la sede electr\u00f3nica de la AEPD: https:\/\/sedeagpd.gob.es\/sede-electronica-web\/&nbsp;&nbsp;<\/p>\n\n\n\n<p><strong><u>7.- Responsabilidades:<\/u><\/strong><\/p>\n\n\n\n<p>S.C.A. NUESTRA SE\u00d1ORA DEL OLIVO realiza los m\u00e1ximos esfuerzos para evitar cualquier error en los contenidos que pudieran aparecer en este Sitio web.<\/p>\n\n\n\n<p>S.C.A. NUESTRA SE\u00d1ORA DEL OLIVO no se responsabiliza de aquellos contenidos, actividades comerciales, productos y servicios incluidos que pudiesen visualizarse mediante enlaces electr\u00f3nicos (links), directa o indirectamente, a trav\u00e9s de este Sitio web. La presencia de links en este Sitio web, salvo manifestaci\u00f3n expresa en contrario, tiene una finalidad meramente informativa, por lo que en ning\u00fan caso supone sugerencia, invitaci\u00f3n o recomendaci\u00f3n sobre los mismos. Estos enlaces no representan ning\u00fan tipo de relaci\u00f3n entre S.C.A. NUESTRA SE\u00d1ORA DEL OLIVO y los particulares o empresas titulares de los Sitios webs a los que puede accederse mediante estos enlaces.<\/p>\n\n\n\n<p>S.C.A. NUESTRA SE\u00d1ORA DEL OLIVO se reserva el derecho de retirar de modo unilateral y en cualquier momento los links que aparecen en su Sitio web.<\/p>\n\n\n\n<p><strong><u>8.- Navegaci\u00f3n, acceso y seguridad:<\/u><\/strong><\/p>\n\n\n\n<p>El acceso, navegaci\u00f3n y utilizaci\u00f3n de esta p\u00e1gina web implica por tu parte la aceptaci\u00f3n expresa y sin reservas de todos los t\u00e9rminos de la presente Pol\u00edtica de Privacidad y Protecci\u00f3n de Datos, teniendo la misma validez y eficacia que cualquier contrato celebrado por escrito y firmado. En este sentido, se entender\u00e1 por Usuario a la persona que acceda, navegue, utilice o participe en los servicios y actividades, gratuitas u onerosas, desarrolladas en el Sitio Web.<\/p>\n\n\n\n<p>El acceso, navegaci\u00f3n y utilizaci\u00f3n de este Sitio web supone la aceptaci\u00f3n expresa y sin reservas de todas las advertencias legales, condiciones y t\u00e9rminos de uso contenidas en el presente Pol\u00edtica de Privacidad y Protecci\u00f3n de Datos. S.C.A. NUESTRA SE\u00d1ORA DEL OLIVO realiza los m\u00e1ximos esfuerzos para que la navegaci\u00f3n se realice en las mejores condiciones y evitar los perjuicios de cualquier tipo que pudiesen ocasionarse durante la misma. S.C.A. NUESTRA SE\u00d1ORA DEL OLIVO no se responsabiliza ni garantiza que el acceso a este Sitio web sea ininterrumpido o que est\u00e9 libre de error. Tampoco se responsabiliza o garantiza que el contenido o software al que pueda accederse a trav\u00e9s de este Sitio web, est\u00e9 libre de error o cause un da\u00f1o. En ning\u00fan caso S.C.A. NUESTRA SE\u00d1ORA DEL OLIVO ser\u00e1 responsable por las p\u00e9rdidas, da\u00f1os o perjuicios de cualquier tipo que surjan por el acceso y el uso de la p\u00e1gina Web, incluy\u00e9ndose pero no limit\u00e1ndose, a los ocasionados a los sistemas inform\u00e1ticos o los provocados por la introducci\u00f3n de virus, ni se hace responsable de los da\u00f1os que pudiesen ocasionarse a los usuarios por un uso inadecuado de este Sitio web. Los servicios ofertados en este Sitio web s\u00f3lo pueden ser utilizados correctamente si se cumplen las especificaciones t\u00e9cnicas para las que ha sido dise\u00f1ado.<\/p>\n\n\n\n<p>&nbsp;Queda prohibido el acceso a este Sitio Web por parte de menores de 14 a\u00f1os, salvo que cuenten con la autorizaci\u00f3n previa y expresa de sus padres, tutores o representantes legales, los cuales ser\u00e1n considerados como responsables de los actos que lleven a cabo los menores a su cargo, conforme a la normativa vigente. En todo caso, se presumir\u00e1 que el acceso realizado por un menor al Sitio Web se ha realizado con autorizaci\u00f3n previa y expresa de sus padres, tutores o representantes legales.<\/p>\n\n\n\n<p><strong><u>9.- Propiedad intelectual e industrial:<\/u><\/strong><\/p>\n\n\n\n<p>Este Sitio web y los contenidos que alberga, se encuentran protegidos por las leyes de Propiedad Intelectual. No podr\u00e1n ser objeto de explotaci\u00f3n, reproducci\u00f3n, distribuci\u00f3n, modificaci\u00f3n, comunicaci\u00f3n p\u00fablica, cesi\u00f3n o transformaci\u00f3n. El acceso a este Sitio web no otorga a los usuarios derecho, ni titularidad alguna sobre los derechos de propiedad intelectual de los contenidos que alberga este Sitio web. Si el usuario transfiere software de este Sitio web a su terminal, no podr\u00e1 diseccionarlo para su estudio, o descompilarlo, traducir la versi\u00f3n del c\u00f3digo objeto original o su lenguaje a otro c\u00f3digo o lenguaje. El nombre comercial, las marcas, logos, productos y servicios que contiene este Sitio web se encuentran protegidos por ley. S.C.A. NUESTRA SE\u00d1ORA DEL OLIVO se reserva la posibilidad de ejercer las acciones judiciales que correspondan contra los usuarios que violen o infrinjan los derechos de propiedad intelectual e industrial.<\/p>\n\n\n\n<p><strong><u>10- Condiciones adicionales:<\/u><\/strong><\/p>\n\n\n\n<p>El usuario que introduce los datos, es el responsable \u00fanico y final de la veracidad de la informaci\u00f3n suministrada en el servicio y en las modificaciones de los mismos que pueda realizar hasta la finalizaci\u00f3n del mismo.<\/p>\n\n\n\n<p><strong><u>11.- Informaci\u00f3n sobre aspectos t\u00e9cnicos:<\/u><\/strong><\/p>\n\n\n\n<p>S.C.A. NUESTRA SE\u00d1ORA DEL OLIVO no ser\u00e1 responsable de posibles da\u00f1os o perjuicios que se pudieran derivar de interferencias, omisiones, interrupciones, virus inform\u00e1ticos, aver\u00edas telef\u00f3nicas o desconexiones en el funcionamiento operativo de este sistema electr\u00f3nico, motivadas por causas ajenas a S.C.A. NUESTRA SE\u00d1ORA DEL OLIVO; de retrasos o bloqueos en el uso del presente sistema electr\u00f3nico causados por deficiencias o sobrecargas en su Centro de Procesos de Datos, de l\u00edneas telef\u00f3nicas, en el sistema de Internet o en otros sistemas electr\u00f3nicos; ni tampoco de da\u00f1os que puedan ser causados por terceras personas mediante intromisiones ileg\u00edtimas fuera del control de la empresa.<\/p>\n\n\n\n<p>Asimismo, se exonera a S.C.A. NUESTRA SE\u00d1ORA DEL OLIVO de toda responsabilidad ante cualquier da\u00f1o o perjuicio que pudiera sufrir el usuario como consecuencia de errores, defectos u omisiones, en la informaci\u00f3n facilitada por la empresa siempre que proceda de fuentes ajenas.<\/p>\n\n\n\n<p><strong><u>12.- Actualizaci\u00f3n y modificaci\u00f3n de la informaci\u00f3n:<\/u><\/strong><\/p>\n\n\n\n<p>La informaci\u00f3n que aparece en este Sitio web es la vigente en la fecha de su \u00faltima actualizaci\u00f3n. S.C.A. NUESTRA SE\u00d1ORA DEL OLIVO se reserva el derecho a actualizar, modificar o eliminar la informaci\u00f3n de este Sitio web, pudiendo limitar o no permitir el acceso al mismo. No se podr\u00e1 alterar, cambiar, modificar, o adaptar este Sitio web. Sin embargo, S.C.A. NUESTRA SE\u00d1ORA DEL OLIVO se reserva la facultad de efectuar, en cualquier momento, cuantos cambios y modificaciones estime convenientes, pudiendo hacer uso de tal facultad en cualquier momento y sin previo aviso.<\/p>\n\n\n\n<p><strong><u>13.- Ley aplicable y jurisdicci\u00f3n:<\/u><\/strong><\/p>\n\n\n\n<p>Las presentes Condiciones se regir\u00e1n e interpretar\u00e1n de acuerdo con la legislaci\u00f3n com\u00fan espa\u00f1ola. Para cuantas cuestiones pudieran surgir sobre la interpretaci\u00f3n, cumplimiento, rescisi\u00f3n o resoluci\u00f3n de las Condiciones Generales, las Partes se someten a la jurisdicci\u00f3n y competencia de los Juzgados y Tribunales de la ciudad de TORREBLASCOPEDRO. No obstante lo anterior, de conformidad con la legislaci\u00f3n espa\u00f1ola, para cuantas cuestiones pudieran surgir en relaci\u00f3n con estas Condiciones Generales ser\u00e1n competentes los juzgados y tribunales del domicilio que resulte de aplicaci\u00f3n, de conformidad con el art\u00edculo 52 de la Ley de Enjuiciamiento Civil o norma sustitutiva aplicable en cada momento.<\/p>\n","protected":false},"excerpt":{"rendered":"<p>AVISO LEGAL \/ POL\u00cdTICA DE PRIVACIDAD Y Protecci\u00f3n de Datos 1.- Informaci\u00f3n sobre el responsable del tratamiento de los datos personales: En cumplimiento del art\u00edculo 10 de la Ley 34\/2002, [&hellip;]<\/p>\n","protected":false},"author":1,"featured_media":0,"parent":0,"menu_order":0,"comment_status":"closed","ping_status":"closed","template":"","meta":{"footnotes":""},"class_list":["post-1187","page","type-page","status-publish","hentry"],"_links":{"self":[{"href":"https:\/\/torredecastulo.es\/index.php\/wp-json\/wp\/v2\/pages\/1187","targetHints":{"allow":["GET"]}}],"collection":[{"href":"https:\/\/torredecastulo.es\/index.php\/wp-json\/wp\/v2\/pages"}],"about":[{"href":"https:\/\/torredecastulo.es\/index.php\/wp-json\/wp\/v2\/types\/page"}],"author":[{"embeddable":true,"href":"https:\/\/torredecastulo.es\/index.php\/wp-json\/wp\/v2\/users\/1"}],"replies":[{"embeddable":true,"href":"https:\/\/torredecastulo.es\/index.php\/wp-json\/wp\/v2\/comments?post=1187"}],"version-history":[{"count":1,"href":"https:\/\/torredecastulo.es\/index.php\/wp-json\/wp\/v2\/pages\/1187\/revisions"}],"predecessor-version":[{"id":1188,"href":"https:\/\/torredecastulo.es\/index.php\/wp-json\/wp\/v2\/pages\/1187\/revisions\/1188"}],"wp:attachment":[{"href":"https:\/\/torredecastulo.es\/index.php\/wp-json\/wp\/v2\/media?parent=1187"}],"curies":[{"name":"wp","href":"https:\/\/api.w.org\/{rel}","templated":true}]}}